{"id":398,"date":"2021-02-07T12:26:32","date_gmt":"2021-02-07T17:26:32","guid":{"rendered":"https:\/\/www3.dido.ca\/service-internet\/"},"modified":"2024-01-11T14:23:59","modified_gmt":"2024-01-11T19:23:59","slug":"service-internet","status":"publish","type":"page","link":"http:\/\/www3.dido.ca\/fr\/service-internet\/","title":{"rendered":"Service Internet"},"content":{"rendered":"<p>[et_pb_section fb_built=\u00a0\u00bb1&Prime; admin_label=\u00a0\u00bbHeader\u00a0\u00bb _builder_version=\u00a0\u00bb4.16&Prime; use_background_color_gradient=\u00a0\u00bbon\u00a0\u00bb background_color_gradient_direction=\u00a0\u00bb237deg\u00a0\u00bb background_color_gradient_stops=\u00a0\u00bb#46b3ff 0%|#0752fe 100%\u00a0\u00bb background_color_gradient_start=\u00a0\u00bb#46b3ff\u00a0\u00bb background_color_gradient_end=\u00a0\u00bb#0752fe\u00a0\u00bb background_image=\u00a0\u00bbhttp:\/\/www3.dido.ca\/wp-content\/uploads\/2020\/05\/hosting-company-01.png\u00a0\u00bb background_size=\u00a0\u00bbcontain\u00a0\u00bb background_position=\u00a0\u00bbbottom_center\u00a0\u00bb custom_margin=\u00a0\u00bb0px||||false|false\u00a0\u00bb custom_padding=\u00a0\u00bb100px||10vw||false|false\u00a0\u00bb animation_style=\u00a0\u00bbslide\u00a0\u00bb animation_direction=\u00a0\u00bbtop\u00a0\u00bb animation_intensity_slide=\u00a0\u00bb2%\u00a0\u00bb animation_starting_opacity=\u00a0\u00bb100%\u00a0\u00bb global_colors_info=\u00a0\u00bb{}\u00a0\u00bb][et_pb_row make_equal=\u00a0\u00bbon\u00a0\u00bb _builder_version=\u00a0\u00bb4.16&Prime; _module_preset=\u00a0\u00bbdefault\u00a0\u00bb custom_margin=\u00a0\u00bb-70px||||false|false\u00a0\u00bb global_colors_info=\u00a0\u00bb{}\u00a0\u00bb][et_pb_column type=\u00a0\u00bb4_4&Prime; _builder_version=\u00a0\u00bb4.16&Prime; _module_preset=\u00a0\u00bbdefault\u00a0\u00bb global_colors_info=\u00a0\u00bb{}\u00a0\u00bb][et_pb_text _builder_version=\u00a0\u00bb4.16&Prime; text_font=\u00a0\u00bb||||||||\u00a0\u00bb text_font_size=\u00a0\u00bb16px\u00a0\u00bb text_line_height=\u00a0\u00bb2em\u00a0\u00bb header_font=\u00a0\u00bbRubik|500|||||||\u00a0\u00bb header_font_size=\u00a0\u00bb52px\u00a0\u00bb header_line_height=\u00a0\u00bb1.2em\u00a0\u00bb background_layout=\u00a0\u00bbdark\u00a0\u00bb header_font_size_tablet=\u00a0\u00bb42px\u00a0\u00bb header_font_size_phone=\u00a0\u00bb32px\u00a0\u00bb header_font_size_last_edited=\u00a0\u00bbon|desktop\u00a0\u00bb text_text_shadow_style=\u00a0\u00bbpreset1&Prime; text_text_shadow_blur_strength=\u00a0\u00bb2em\u00a0\u00bb global_colors_info=\u00a0\u00bb{}\u00a0\u00bb]<\/p>\n<h1>Service Internet\u00a0<\/h1>\n<p>[\/et_pb_text][et_pb_text _builder_version=\u00a0\u00bb4.23.4&Prime; text_font=\u00a0\u00bb||||||||\u00a0\u00bb text_font_size=\u00a0\u00bb16px\u00a0\u00bb text_line_height=\u00a0\u00bb2em\u00a0\u00bb header_font=\u00a0\u00bbRubik|500|||||||\u00a0\u00bb header_font_size=\u00a0\u00bb52px\u00a0\u00bb header_line_height=\u00a0\u00bb1.2em\u00a0\u00bb background_layout=\u00a0\u00bbdark\u00a0\u00bb header_font_size_tablet=\u00a0\u00bb42px\u00a0\u00bb header_font_size_phone=\u00a0\u00bb32px\u00a0\u00bb header_font_size_last_edited=\u00a0\u00bbon|desktop\u00a0\u00bb text_text_shadow_style=\u00a0\u00bbpreset1&Prime; text_text_shadow_blur_strength=\u00a0\u00bb2em\u00a0\u00bb global_colors_info=\u00a0\u00bb{}\u00a0\u00bb]<\/p>\n<h3>Modem c\u00e2ble et installation gratuit: inclus<\/h3>\n<p>[\/et_pb_text][et_pb_pricing_tables featured_table_background_color=\u00a0\u00bb#FFFFFF\u00a0\u00bb featured_table_header_text_color=\u00a0\u00bb#E02B20&Prime; header_background_color=\u00a0\u00bb#000000&Prime; featured_table_subheader_text_color=\u00a0\u00bb#000000&Prime; featured_table_text_color=\u00a0\u00bb#FFFFFF\u00a0\u00bb featured_table_price_background_color=\u00a0\u00bb#0C71C3&Prime; featured_table_price_color=\u00a0\u00bb#0C71C3&Prime; featured_table_currency_frequency_text_color=\u00a0\u00bb#E09900&Prime; _builder_version=\u00a0\u00bb4.16&Prime; _module_preset=\u00a0\u00bbdefault\u00a0\u00bb currency_frequency_text_color=\u00a0\u00bb#000000&Prime; subheader_text_color=\u00a0\u00bb#000000&Prime; body_text_color=\u00a0\u00bb#000000&Prime; header_text_color=\u00a0\u00bb#FFFFFF\u00a0\u00bb header_text_align=\u00a0\u00bbcenter\u00a0\u00bb price_text_align=\u00a0\u00bbcenter\u00a0\u00bb currency_frequency_font_size=\u00a0\u00bb20px\u00a0\u00bb background_color=\u00a0\u00bb#FFFFFF\u00a0\u00bb custom_margin=\u00a0\u00bb|-20px||-15px|false|false\u00a0\u00bb custom_padding=\u00a0\u00bb17px|45px|2px|45px|false|true\u00a0\u00bb filter_sepia=\u00a0\u00bb33%\u00a0\u00bb hover_enabled=\u00a0\u00bb0&Prime; custom_css_before=\u00a0\u00bb.et_pb_pricing_table_wrap {||    align-items: normal;||}\u00a0\u00bb border_radii=\u00a0\u00bbon|0px|0px|0px|0px\u00a0\u00bb border_width_all=\u00a0\u00bb3px\u00a0\u00bb border_color_all=\u00a0\u00bb#000000&Prime; border_color_all_price=\u00a0\u00bb#E02B20&Prime; global_colors_info=\u00a0\u00bb{}\u00a0\u00bb sticky_enabled=\u00a0\u00bb0&Prime;][et_pb_pricing_table title=\u00a0\u00bb5 MB\u00a0\u00bb subtitle=\u00a0\u00bbSubtitle goes Here\u00a0\u00bb currency=\u00a0\u00bb$\u00a0\u00bb per=\u00a0\u00bbmois\u00a0\u00bb sum=\u00a0\u00bb29.99&Prime; _builder_version=\u00a0\u00bb4.23.4&Prime; _module_preset=\u00a0\u00bbdefault\u00a0\u00bb currency_frequency_font_size=\u00a0\u00bb22px\u00a0\u00bb global_colors_info=\u00a0\u00bb{}\u00a0\u00bb sticky_transition=\u00a0\u00bbon\u00a0\u00bb]<\/p>\n<p>+ 1 MB T\u00e9l\u00e9versement<\/p>\n<p>+5 MB T\u00e9l\u00e9chargement<\/p>\n<p><span>Donn\u00e9es Incluses Illimit\u00e9es<\/span><\/p>\n<p>[\/et_pb_pricing_table][et_pb_pricing_table title=\u00a0\u00bb10 MB\u00a0\u00bb subtitle=\u00a0\u00bbSubtitle goes Here\u00a0\u00bb currency=\u00a0\u00bb$\u00a0\u00bb per=\u00a0\u00bbmois\u00a0\u00bb sum=\u00a0\u00bb36.99&Prime; _builder_version=\u00a0\u00bb4.23.4&Prime; _module_preset=\u00a0\u00bbdefault\u00a0\u00bb global_colors_info=\u00a0\u00bb{}\u00a0\u00bb sticky_transition=\u00a0\u00bbon\u00a0\u00bb]<\/p>\n<p>+ 1 MB T\u00e9l\u00e9versement<\/p>\n<p>+ 10 MB T\u00e9l\u00e9chargement<\/p>\n<p><span>Donn\u00e9es Incluses Illimit\u00e9es<\/span><\/p>\n<p>[\/et_pb_pricing_table][et_pb_pricing_table title=\u00a0\u00bb30 MB\u00a0\u00bb subtitle=\u00a0\u00bbSubtitle goes Here\u00a0\u00bb currency=\u00a0\u00bb$\u00a0\u00bb per=\u00a0\u00bbmois\u00a0\u00bb sum=\u00a0\u00bb42.99&Prime; _builder_version=\u00a0\u00bb4.23.4&Prime; _module_preset=\u00a0\u00bbdefault\u00a0\u00bb global_colors_info=\u00a0\u00bb{}\u00a0\u00bb sticky_transition=\u00a0\u00bbon\u00a0\u00bb]<\/p>\n<p>+ 10 MB T\u00e9l\u00e9versement<\/p>\n<p>+ 30 MB T\u00e9l\u00e9chargement<\/p>\n<p><span>Donn\u00e9es Incluses Illimit\u00e9es<\/span><\/p>\n<p>[\/et_pb_pricing_table][et_pb_pricing_table title=\u00a0\u00bb60 MB\u00a0\u00bb subtitle=\u00a0\u00bbSubtitle goes Here\u00a0\u00bb currency=\u00a0\u00bb$\u00a0\u00bb per=\u00a0\u00bbmois\u00a0\u00bb sum=\u00a0\u00bb53.99&Prime; _builder_version=\u00a0\u00bb4.23.4&Prime; _module_preset=\u00a0\u00bbdefault\u00a0\u00bb hover_enabled=\u00a0\u00bb0&Prime; global_colors_info=\u00a0\u00bb{}\u00a0\u00bb sticky_transition=\u00a0\u00bbon\u00a0\u00bb sticky_enabled=\u00a0\u00bb0&Prime;]<\/p>\n<p>+ 10 MB t\u00e9l\u00e9versement<\/p>\n<p>+ 60 MB T\u00e9l\u00e9chargement<\/p>\n<p><span>Donn\u00e9es Incluses Illimit\u00e9es<\/span><\/p>\n<p>[\/et_pb_pricing_table][et_pb_pricing_table title=\u00a0\u00bb120 MB\u00a0\u00bb subtitle=\u00a0\u00bbSubtitle goes Here\u00a0\u00bb currency=\u00a0\u00bb$\u00a0\u00bb per=\u00a0\u00bbmois\u00a0\u00bb sum=\u00a0\u00bb60.00&Prime; _builder_version=\u00a0\u00bb4.23.4&Prime; _module_preset=\u00a0\u00bbdefault\u00a0\u00bb hover_enabled=\u00a0\u00bb0&Prime; global_colors_info=\u00a0\u00bb{}\u00a0\u00bb sticky_transition=\u00a0\u00bbon\u00a0\u00bb sticky_enabled=\u00a0\u00bb0&Prime;]<\/p>\n<p>+ 30 MB T\u00e9l\u00e9versement<\/p>\n<p>+ 120 MB T\u00e9l\u00e9chargement<\/p>\n<p><span>Donn\u00e9es Incluses Illimit\u00e9es<\/span><\/p>\n<p>[\/et_pb_pricing_table][et_pb_pricing_table title=\u00a0\u00bb200 MB\u00a0\u00bb subtitle=\u00a0\u00bbSubtitle goes Here\u00a0\u00bb currency=\u00a0\u00bb$\u00a0\u00bb per=\u00a0\u00bbmois\u00a0\u00bb sum=\u00a0\u00bb70.00&Prime; _builder_version=\u00a0\u00bb4.23.4&Prime; _module_preset=\u00a0\u00bbdefault\u00a0\u00bb hover_enabled=\u00a0\u00bb0&Prime; global_colors_info=\u00a0\u00bb{}\u00a0\u00bb sticky_transition=\u00a0\u00bbon\u00a0\u00bb sticky_enabled=\u00a0\u00bb0&Prime;]<\/p>\n<p>+ 30 MB T\u00e9l\u00e9versement<\/p>\n<p>+ 200 MB T\u00e9l\u00e9chargement<\/p>\n<p><span>Donn\u00e9es Incluses Illimit\u00e9es<\/span><\/p>\n<p>[\/et_pb_pricing_table][et_pb_pricing_table title=\u00a0\u00bb400 MB\u00a0\u00bb subtitle=\u00a0\u00bbSubtitle goes Here\u00a0\u00bb currency=\u00a0\u00bb$\u00a0\u00bb per=\u00a0\u00bbmois\u00a0\u00bb sum=\u00a0\u00bb80&Prime; _builder_version=\u00a0\u00bb4.23.4&Prime; _module_preset=\u00a0\u00bbdefault\u00a0\u00bb hover_enabled=\u00a0\u00bb0&Prime; global_colors_info=\u00a0\u00bb{}\u00a0\u00bb sticky_transition=\u00a0\u00bbon\u00a0\u00bb sticky_enabled=\u00a0\u00bb0&Prime;]<\/p>\n<p>+ 50 MB T\u00e9l\u00e9versement<\/p>\n<p>+ 400 MB T\u00e9l\u00e9chargement<\/p>\n<p><span>Donn\u00e9es Incluses Illimit\u00e9es<\/span><\/p>\n<p>[\/et_pb_pricing_table][\/et_pb_pricing_tables][\/et_pb_column][\/et_pb_row][et_pb_row make_equal=\u00a0\u00bbon\u00a0\u00bb _builder_version=\u00a0\u00bb4.16&Prime; _module_preset=\u00a0\u00bbdefault\u00a0\u00bb global_colors_info=\u00a0\u00bb{}\u00a0\u00bb][et_pb_column type=\u00a0\u00bb4_4&Prime; _builder_version=\u00a0\u00bb4.16&Prime; _module_preset=\u00a0\u00bbdefault\u00a0\u00bb global_colors_info=\u00a0\u00bb{}\u00a0\u00bb][et_pb_text _builder_version=\u00a0\u00bb4.16&Prime; text_font=\u00a0\u00bb||||||||\u00a0\u00bb text_font_size=\u00a0\u00bb16px\u00a0\u00bb text_line_height=\u00a0\u00bb2em\u00a0\u00bb header_font=\u00a0\u00bbRubik|500|||||||\u00a0\u00bb header_font_size=\u00a0\u00bb52px\u00a0\u00bb header_line_height=\u00a0\u00bb1.2em\u00a0\u00bb background_layout=\u00a0\u00bbdark\u00a0\u00bb header_font_size_tablet=\u00a0\u00bb42px\u00a0\u00bb header_font_size_phone=\u00a0\u00bb32px\u00a0\u00bb header_font_size_last_edited=\u00a0\u00bbon|desktop\u00a0\u00bb text_text_shadow_style=\u00a0\u00bbpreset1&Prime; text_text_shadow_blur_strength=\u00a0\u00bb2em\u00a0\u00bb global_colors_info=\u00a0\u00bb{}\u00a0\u00bb]<\/p>\n<p>Ajoutez le service t\u00e9l\u00e9phonique \u00e0 votre forfait.<\/p>\n<p>[\/et_pb_text][et_pb_pricing_tables featured_table_background_color=\u00a0\u00bb#FFFFFF\u00a0\u00bb featured_table_header_text_color=\u00a0\u00bb#E02B20&Prime; header_background_color=\u00a0\u00bb#000000&Prime; featured_table_subheader_text_color=\u00a0\u00bb#000000&Prime; featured_table_text_color=\u00a0\u00bb#FFFFFF\u00a0\u00bb featured_table_price_background_color=\u00a0\u00bb#0C71C3&Prime; featured_table_price_color=\u00a0\u00bb#0C71C3&Prime; featured_table_currency_frequency_text_color=\u00a0\u00bb#E09900&Prime; _builder_version=\u00a0\u00bb4.16&Prime; _module_preset=\u00a0\u00bbdefault\u00a0\u00bb currency_frequency_text_color=\u00a0\u00bb#000000&Prime; subheader_text_color=\u00a0\u00bb#000000&Prime; body_text_color=\u00a0\u00bb#000000&Prime; header_text_color=\u00a0\u00bb#FFFFFF\u00a0\u00bb header_text_align=\u00a0\u00bbcenter\u00a0\u00bb price_text_align=\u00a0\u00bbcenter\u00a0\u00bb currency_frequency_font_size=\u00a0\u00bb20px\u00a0\u00bb background_color=\u00a0\u00bb#FFFFFF\u00a0\u00bb custom_margin=\u00a0\u00bb|-20px||-15px|false|false\u00a0\u00bb custom_padding=\u00a0\u00bb17px|45px|2px|45px|false|true\u00a0\u00bb filter_sepia=\u00a0\u00bb33%\u00a0\u00bb custom_css_before=\u00a0\u00bb.et_pb_pricing_table_wrap {||    align-items: normal;||}\u00a0\u00bb border_radii=\u00a0\u00bbon|0px|0px|0px|0px\u00a0\u00bb border_width_all=\u00a0\u00bb3px\u00a0\u00bb border_color_all=\u00a0\u00bb#000000&Prime; border_color_all_price=\u00a0\u00bb#E02B20&Prime; global_colors_info=\u00a0\u00bb{}\u00a0\u00bb][et_pb_pricing_table title=\u00a0\u00bbService t\u00e9l\u00e9phonique par internet\u00a0\u00bb subtitle=\u00a0\u00bbSubtitle goes Here\u00a0\u00bb currency=\u00a0\u00bb$\u00a0\u00bb per=\u00a0\u00bbmois\u00a0\u00bb sum=\u00a0\u00bb9.99&Prime; _builder_version=\u00a0\u00bb4.23.4&Prime; _module_preset=\u00a0\u00bbdefault\u00a0\u00bb currency_frequency_font_size=\u00a0\u00bb22px\u00a0\u00bb global_colors_info=\u00a0\u00bb{}\u00a0\u00bb sticky_transition=\u00a0\u00bbon\u00a0\u00bb]<\/p>\n<p>+ Le service inclut : l&rsquo;appel en attente, le renvoi d&rsquo;appel, l&rsquo;identification de l&rsquo;appelant, la messagerie vocale<\/p>\n<p>+ Minutes illimit\u00e9es d&rsquo;appels interurbains en Am\u00e9rique du Nord<\/p>\n<p>[\/et_pb_pricing_table][\/et_pb_pricing_tables][et_pb_text _builder_version=\u00a0\u00bb4.16&Prime; _module_preset=\u00a0\u00bbdefault\u00a0\u00bb custom_margin=\u00a0\u00bb||97px||false|false\u00a0\u00bb global_colors_info=\u00a0\u00bb{}\u00a0\u00bb]<\/p>\n<p>[\/et_pb_text][et_pb_text _builder_version=\u00a0\u00bb4.16&Prime; _module_preset=\u00a0\u00bbdefault\u00a0\u00bb custom_margin=\u00a0\u00bb||97px||false|false\u00a0\u00bb global_colors_info=\u00a0\u00bb{}\u00a0\u00bb]<\/p>\n<p>[\/et_pb_text][\/et_pb_column][\/et_pb_row][et_pb_row _builder_version=\u00a0\u00bb4.16&Prime; _module_preset=\u00a0\u00bbdefault\u00a0\u00bb global_colors_info=\u00a0\u00bb{}\u00a0\u00bb][et_pb_column type=\u00a0\u00bb4_4&Prime; _builder_version=\u00a0\u00bb4.16&Prime; _module_preset=\u00a0\u00bbdefault\u00a0\u00bb global_colors_info=\u00a0\u00bb{}\u00a0\u00bb][\/et_pb_column][\/et_pb_row][\/et_pb_section]<\/p>\n","protected":false},"excerpt":{"rendered":"<p>Service Internet\u00a0Modem c\u00e2ble et installation gratuit: inclus+ 1 MB T\u00e9l\u00e9versement +5 MB T\u00e9l\u00e9chargement Donn\u00e9es Incluses Illimit\u00e9es+ 1 MB T\u00e9l\u00e9versement + 10 MB T\u00e9l\u00e9chargement Donn\u00e9es Incluses Illimit\u00e9es+ 10 MB T\u00e9l\u00e9versement + 30 MB T\u00e9l\u00e9chargement Donn\u00e9es Incluses Illimit\u00e9es+ 10 MB t\u00e9l\u00e9versement + 60 MB T\u00e9l\u00e9chargement Donn\u00e9es Incluses Illimit\u00e9es+ 30 MB T\u00e9l\u00e9versement + 120 MB T\u00e9l\u00e9chargement Donn\u00e9es Incluses [&hellip;]<\/p>\n","protected":false},"author":1,"featured_media":0,"parent":0,"menu_order":0,"comment_status":"closed","ping_status":"closed","template":"","meta":{"_et_pb_use_builder":"on","_et_pb_old_content":"","_et_gb_content_width":"","footnotes":""},"class_list":["post-398","page","type-page","status-publish","hentry"],"_links":{"self":[{"href":"http:\/\/www3.dido.ca\/fr\/wp-json\/wp\/v2\/pages\/398","targetHints":{"allow":["GET"]}}],"collection":[{"href":"http:\/\/www3.dido.ca\/fr\/wp-json\/wp\/v2\/pages"}],"about":[{"href":"http:\/\/www3.dido.ca\/fr\/wp-json\/wp\/v2\/types\/page"}],"author":[{"embeddable":true,"href":"http:\/\/www3.dido.ca\/fr\/wp-json\/wp\/v2\/users\/1"}],"replies":[{"embeddable":true,"href":"http:\/\/www3.dido.ca\/fr\/wp-json\/wp\/v2\/comments?post=398"}],"version-history":[{"count":13,"href":"http:\/\/www3.dido.ca\/fr\/wp-json\/wp\/v2\/pages\/398\/revisions"}],"predecessor-version":[{"id":459,"href":"http:\/\/www3.dido.ca\/fr\/wp-json\/wp\/v2\/pages\/398\/revisions\/459"}],"wp:attachment":[{"href":"http:\/\/www3.dido.ca\/fr\/wp-json\/wp\/v2\/media?parent=398"}],"curies":[{"name":"wp","href":"https:\/\/api.w.org\/{rel}","templated":true}]}}