{"id":404,"date":"2021-02-07T14:21:10","date_gmt":"2021-02-07T19:21:10","guid":{"rendered":"https:\/\/www3.dido.ca\/hebergement-de-sites-web\/"},"modified":"2024-01-11T13:58:39","modified_gmt":"2024-01-11T18:58:39","slug":"hebergement-de-sites-web","status":"publish","type":"page","link":"http:\/\/www3.dido.ca\/fr\/hebergement-de-sites-web\/","title":{"rendered":"H\u00e9bergement de sites web"},"content":{"rendered":"<p>[et_pb_section fb_built=\u00a0\u00bb1&Prime; admin_label=\u00a0\u00bbHeader\u00a0\u00bb _builder_version=\u00a0\u00bb4.16&Prime; use_background_color_gradient=\u00a0\u00bbon\u00a0\u00bb background_color_gradient_direction=\u00a0\u00bb237deg\u00a0\u00bb background_color_gradient_stops=\u00a0\u00bb#46b3ff 0%|#0752fe 100%\u00a0\u00bb background_color_gradient_start=\u00a0\u00bb#46b3ff\u00a0\u00bb background_color_gradient_end=\u00a0\u00bb#0752fe\u00a0\u00bb background_image=\u00a0\u00bbhttp:\/\/www3.dido.ca\/wp-content\/uploads\/2020\/05\/hosting-company-01.png\u00a0\u00bb background_size=\u00a0\u00bbcontain\u00a0\u00bb background_position=\u00a0\u00bbbottom_center\u00a0\u00bb custom_margin=\u00a0\u00bb0px||||false|false\u00a0\u00bb custom_padding=\u00a0\u00bb100px||10vw||false|false\u00a0\u00bb animation_style=\u00a0\u00bbslide\u00a0\u00bb animation_direction=\u00a0\u00bbtop\u00a0\u00bb animation_intensity_slide=\u00a0\u00bb2%\u00a0\u00bb animation_starting_opacity=\u00a0\u00bb100%\u00a0\u00bb global_colors_info=\u00a0\u00bb{}\u00a0\u00bb][et_pb_row make_equal=\u00a0\u00bbon\u00a0\u00bb _builder_version=\u00a0\u00bb4.16&Prime; _module_preset=\u00a0\u00bbdefault\u00a0\u00bb custom_margin=\u00a0\u00bb-70px||||false|false\u00a0\u00bb global_colors_info=\u00a0\u00bb{}\u00a0\u00bb][et_pb_column type=\u00a0\u00bb4_4&Prime; _builder_version=\u00a0\u00bb4.16&Prime; _module_preset=\u00a0\u00bbdefault\u00a0\u00bb global_colors_info=\u00a0\u00bb{}\u00a0\u00bb][et_pb_text _builder_version=\u00a0\u00bb4.16&Prime; text_font=\u00a0\u00bb||||||||\u00a0\u00bb text_font_size=\u00a0\u00bb16px\u00a0\u00bb text_line_height=\u00a0\u00bb2em\u00a0\u00bb header_font=\u00a0\u00bbRubik|500|||||||\u00a0\u00bb header_font_size=\u00a0\u00bb52px\u00a0\u00bb header_line_height=\u00a0\u00bb1.2em\u00a0\u00bb background_layout=\u00a0\u00bbdark\u00a0\u00bb header_font_size_tablet=\u00a0\u00bb42px\u00a0\u00bb header_font_size_phone=\u00a0\u00bb32px\u00a0\u00bb header_font_size_last_edited=\u00a0\u00bbon|desktop\u00a0\u00bb text_text_shadow_style=\u00a0\u00bbpreset1&Prime; text_text_shadow_blur_strength=\u00a0\u00bb2em\u00a0\u00bb global_colors_info=\u00a0\u00bb{}\u00a0\u00bb]<\/p>\n<h1>Plans d&rsquo;entreprise <\/h1>\n<p>[\/et_pb_text][et_pb_text _builder_version=\u00a0\u00bb4.16&Prime; text_font=\u00a0\u00bb||||||||\u00a0\u00bb text_font_size=\u00a0\u00bb16px\u00a0\u00bb text_line_height=\u00a0\u00bb2em\u00a0\u00bb header_font=\u00a0\u00bbRubik|500|||||||\u00a0\u00bb header_font_size=\u00a0\u00bb52px\u00a0\u00bb header_line_height=\u00a0\u00bb1.2em\u00a0\u00bb background_layout=\u00a0\u00bbdark\u00a0\u00bb header_font_size_tablet=\u00a0\u00bb42px\u00a0\u00bb header_font_size_phone=\u00a0\u00bb32px\u00a0\u00bb header_font_size_last_edited=\u00a0\u00bbon|desktop\u00a0\u00bb text_text_shadow_style=\u00a0\u00bbpreset1&Prime; text_text_shadow_blur_strength=\u00a0\u00bb2em\u00a0\u00bb global_colors_info=\u00a0\u00bb{}\u00a0\u00bb]<\/p>\n<p>Dans notre centre de donn\u00e9es ultramoderne.<\/p>\n<p>[\/et_pb_text][et_pb_pricing_tables featured_table_background_color=\u00a0\u00bb#FFFFFF\u00a0\u00bb featured_table_header_text_color=\u00a0\u00bb#E02B20&Prime; header_background_color=\u00a0\u00bb#000000&Prime; featured_table_subheader_text_color=\u00a0\u00bb#000000&Prime; featured_table_text_color=\u00a0\u00bb#FFFFFF\u00a0\u00bb featured_table_price_background_color=\u00a0\u00bb#0C71C3&Prime; featured_table_price_color=\u00a0\u00bb#0C71C3&Prime; featured_table_currency_frequency_text_color=\u00a0\u00bb#E09900&Prime; _builder_version=\u00a0\u00bb4.22.1&Prime; _module_preset=\u00a0\u00bbdefault\u00a0\u00bb currency_frequency_text_color=\u00a0\u00bb#000000&Prime; subheader_text_color=\u00a0\u00bb#000000&Prime; body_text_color=\u00a0\u00bb#000000&Prime; header_text_color=\u00a0\u00bb#FFFFFF\u00a0\u00bb header_text_align=\u00a0\u00bbcenter\u00a0\u00bb price_text_align=\u00a0\u00bbcenter\u00a0\u00bb currency_frequency_font_size=\u00a0\u00bb20px\u00a0\u00bb background_color=\u00a0\u00bb#FFFFFF\u00a0\u00bb custom_margin=\u00a0\u00bb|-20px||-15px|false|false\u00a0\u00bb custom_padding=\u00a0\u00bb17px|45px|2px|45px|false|true\u00a0\u00bb filter_sepia=\u00a0\u00bb33%\u00a0\u00bb hover_enabled=\u00a0\u00bb0&Prime; custom_css_before=\u00a0\u00bb.et_pb_pricing_table_wrap {||    align-items: normal;||}\u00a0\u00bb border_radii=\u00a0\u00bbon|0px|0px|0px|0px\u00a0\u00bb border_width_all=\u00a0\u00bb3px\u00a0\u00bb border_color_all=\u00a0\u00bb#000000&Prime; border_color_all_price=\u00a0\u00bb#E02B20&Prime; global_colors_info=\u00a0\u00bb{}\u00a0\u00bb sticky_enabled=\u00a0\u00bb0&Prime;][et_pb_pricing_table title=\u00a0\u00bbLite\u00a0\u00bb subtitle=\u00a0\u00bbLe sous-titre va ici\u00a0\u00bb currency=\u00a0\u00bb$\u00a0\u00bb per=\u00a0\u00bbann\u00e9e\u00a0\u00bb sum=\u00a0\u00bb60&Prime; _builder_version=\u00a0\u00bb4.23.4&Prime; _module_preset=\u00a0\u00bbdefault\u00a0\u00bb currency_frequency_font_size=\u00a0\u00bb22px\u00a0\u00bb hover_enabled=\u00a0\u00bb0&Prime; global_colors_info=\u00a0\u00bb{}\u00a0\u00bb sticky_transition=\u00a0\u00bbon\u00a0\u00bb sticky_enabled=\u00a0\u00bb0&Prime;]<\/p>\n<p>+ 3 pages internet<\/p>\n<p>+ Transferts illimit\u00e9e<\/p>\n<p>[\/et_pb_pricing_table][et_pb_pricing_table title=\u00a0\u00bbArgent\u00a0\u00bb subtitle=\u00a0\u00bbLe sous-titre va ici\u00a0\u00bb currency=\u00a0\u00bb$\u00a0\u00bb per=\u00a0\u00bbmois\u00a0\u00bb sum=\u00a0\u00bb9.99&Prime; _builder_version=\u00a0\u00bb4.23.4&Prime; _module_preset=\u00a0\u00bbdefault\u00a0\u00bb hover_enabled=\u00a0\u00bb0&Prime; global_colors_info=\u00a0\u00bb{}\u00a0\u00bb sticky_transition=\u00a0\u00bbon\u00a0\u00bb sticky_enabled=\u00a0\u00bb0&Prime;]<\/p>\n<p>+ 1 site web<\/p>\n<p>+ 5 GB d&rsquo;espace disque<\/p>\n<p>+ 1 Base de donn\u00e9es<\/p>\n<p>+ Transferts illimit\u00e9e<\/p>\n<p>[\/et_pb_pricing_table][et_pb_pricing_table title=\u00a0\u00bbL&rsquo;or\u00a0\u00bb subtitle=\u00a0\u00bbLe sous-titre va ici\u00a0\u00bb currency=\u00a0\u00bb$\u00a0\u00bb per=\u00a0\u00bbmois\u00a0\u00bb sum=\u00a0\u00bb19.99&Prime; _builder_version=\u00a0\u00bb4.23.4&Prime; _module_preset=\u00a0\u00bbdefault\u00a0\u00bb hover_enabled=\u00a0\u00bb0&Prime; global_colors_info=\u00a0\u00bb{}\u00a0\u00bb sticky_transition=\u00a0\u00bbon\u00a0\u00bb sticky_enabled=\u00a0\u00bb0&Prime;]<\/p>\n<p>+ 1 site web<\/p>\n<p>+ 25 d&rsquo;espace disque<\/p>\n<p>+ 5 bases de donn\u00e9es<\/p>\n<p>+ Transferts illimit\u00e9e<\/p>\n<p>[\/et_pb_pricing_table][\/et_pb_pricing_tables][\/et_pb_column][\/et_pb_row][et_pb_row make_equal=\u00a0\u00bbon\u00a0\u00bb _builder_version=\u00a0\u00bb4.16&Prime; _module_preset=\u00a0\u00bbdefault\u00a0\u00bb global_colors_info=\u00a0\u00bb{}\u00a0\u00bb][et_pb_column type=\u00a0\u00bb4_4&Prime; _builder_version=\u00a0\u00bb4.16&Prime; _module_preset=\u00a0\u00bbdefault\u00a0\u00bb global_colors_info=\u00a0\u00bb{}\u00a0\u00bb][et_pb_text _builder_version=\u00a0\u00bb4.16&Prime; text_font=\u00a0\u00bb||||||||\u00a0\u00bb text_font_size=\u00a0\u00bb16px\u00a0\u00bb text_line_height=\u00a0\u00bb2em\u00a0\u00bb header_font=\u00a0\u00bbRubik|500|||||||\u00a0\u00bb header_font_size=\u00a0\u00bb52px\u00a0\u00bb header_line_height=\u00a0\u00bb1.2em\u00a0\u00bb background_layout=\u00a0\u00bbdark\u00a0\u00bb header_font_size_tablet=\u00a0\u00bb42px\u00a0\u00bb header_font_size_phone=\u00a0\u00bb32px\u00a0\u00bb header_font_size_last_edited=\u00a0\u00bbon|desktop\u00a0\u00bb text_text_shadow_style=\u00a0\u00bbpreset1&Prime; text_text_shadow_blur_strength=\u00a0\u00bb2em\u00a0\u00bb global_colors_info=\u00a0\u00bb{}\u00a0\u00bb]<\/p>\n<p>Ajoutez le service t\u00e9l\u00e9phonique \u00e0 votre forfait.<\/p>\n<p>[\/et_pb_text][et_pb_text _builder_version=\u00a0\u00bb4.16&Prime; _module_preset=\u00a0\u00bbdefault\u00a0\u00bb custom_margin=\u00a0\u00bb||50px||false|false\u00a0\u00bb global_colors_info=\u00a0\u00bb{}\u00a0\u00bb]<\/p>\n<p>[\/et_pb_text][et_pb_text _builder_version=\u00a0\u00bb4.22.1&Prime; _module_preset=\u00a0\u00bbdefault\u00a0\u00bb custom_margin=\u00a0\u00bb13px||-217px||false|false\u00a0\u00bb global_colors_info=\u00a0\u00bb{}\u00a0\u00bb]<\/p>\n<p>[\/et_pb_text][\/et_pb_column][\/et_pb_row][et_pb_row _builder_version=\u00a0\u00bb4.16&Prime; _module_preset=\u00a0\u00bbdefault\u00a0\u00bb global_colors_info=\u00a0\u00bb{}\u00a0\u00bb][et_pb_column type=\u00a0\u00bb4_4&Prime; _builder_version=\u00a0\u00bb4.16&Prime; _module_preset=\u00a0\u00bbdefault\u00a0\u00bb global_colors_info=\u00a0\u00bb{}\u00a0\u00bb][et_pb_pricing_tables featured_table_background_color=\u00a0\u00bb#FFFFFF\u00a0\u00bb featured_table_header_text_color=\u00a0\u00bb#E02B20&Prime; header_background_color=\u00a0\u00bb#000000&Prime; featured_table_subheader_text_color=\u00a0\u00bb#000000&Prime; featured_table_text_color=\u00a0\u00bb#FFFFFF\u00a0\u00bb featured_table_price_background_color=\u00a0\u00bb#0C71C3&Prime; featured_table_price_color=\u00a0\u00bb#0C71C3&Prime; featured_table_currency_frequency_text_color=\u00a0\u00bb#E09900&Prime; _builder_version=\u00a0\u00bb4.16&Prime; _module_preset=\u00a0\u00bbdefault\u00a0\u00bb currency_frequency_text_color=\u00a0\u00bb#000000&Prime; subheader_text_color=\u00a0\u00bb#000000&Prime; body_text_color=\u00a0\u00bb#000000&Prime; header_text_color=\u00a0\u00bb#FFFFFF\u00a0\u00bb header_text_align=\u00a0\u00bbcenter\u00a0\u00bb price_text_align=\u00a0\u00bbcenter\u00a0\u00bb currency_frequency_font_size=\u00a0\u00bb20px\u00a0\u00bb background_color=\u00a0\u00bb#FFFFFF\u00a0\u00bb min_height=\u00a0\u00bb315.4px\u00a0\u00bb custom_margin=\u00a0\u00bb|-20px||-15px|false|false\u00a0\u00bb custom_padding=\u00a0\u00bb17px|45px|2px|45px|false|true\u00a0\u00bb filter_sepia=\u00a0\u00bb33%\u00a0\u00bb custom_css_before=\u00a0\u00bb.et_pb_pricing_table_wrap {||    align-items: normal;||}\u00a0\u00bb border_radii=\u00a0\u00bbon|0px|0px|0px|0px\u00a0\u00bb border_width_all=\u00a0\u00bb3px\u00a0\u00bb border_color_all=\u00a0\u00bb#000000&Prime; border_color_all_price=\u00a0\u00bb#E02B20&Prime; locked=\u00a0\u00bboff\u00a0\u00bb global_colors_info=\u00a0\u00bb{}\u00a0\u00bb][et_pb_pricing_table title=\u00a0\u00bbService t\u00e9l\u00e9phonique pour les entreprises\u00a0\u00bb subtitle=\u00a0\u00bbLe sous-titre va ici\u00a0\u00bb currency=\u00a0\u00bb$\u00a0\u00bb per=\u00a0\u00bbmois\u00a0\u00bb sum=\u00a0\u00bb9.99&Prime; _builder_version=\u00a0\u00bb4.23.4&Prime; _module_preset=\u00a0\u00bbdefault\u00a0\u00bb currency_frequency_font_size=\u00a0\u00bb22px\u00a0\u00bb global_colors_info=\u00a0\u00bb{}\u00a0\u00bb sticky_transition=\u00a0\u00bbon\u00a0\u00bb]<\/p>\n<p>+ <span>Le service inclut : l\u2019appel en attente, le renvoi d\u2019appel, l\u2019identification de l\u2019appelant, la messagerie vocale<\/span><\/p>\n<p>Minutes illimit\u00e9es d&rsquo;appels interurbains en Am\u00e9rique du Nord<\/p>\n<p>[\/et_pb_pricing_table][\/et_pb_pricing_tables][\/et_pb_column][\/et_pb_row][\/et_pb_section]<\/p>\n","protected":false},"excerpt":{"rendered":"<p>Plans d&rsquo;entreprise Dans notre centre de donn\u00e9es ultramoderne.+ 3 pages internet + Transferts illimit\u00e9e+ 1 site web + 5 GB d&rsquo;espace disque + 1 Base de donn\u00e9es + Transferts illimit\u00e9e+ 1 site web + 25 d&rsquo;espace disque + 5 bases de donn\u00e9es + Transferts illimit\u00e9eAjoutez le service t\u00e9l\u00e9phonique \u00e0 votre forfait.+ Le service inclut : [&hellip;]<\/p>\n","protected":false},"author":1,"featured_media":0,"parent":0,"menu_order":0,"comment_status":"closed","ping_status":"closed","template":"","meta":{"_et_pb_use_builder":"on","_et_pb_old_content":"","_et_gb_content_width":"","footnotes":""},"class_list":["post-404","page","type-page","status-publish","hentry"],"_links":{"self":[{"href":"http:\/\/www3.dido.ca\/fr\/wp-json\/wp\/v2\/pages\/404","targetHints":{"allow":["GET"]}}],"collection":[{"href":"http:\/\/www3.dido.ca\/fr\/wp-json\/wp\/v2\/pages"}],"about":[{"href":"http:\/\/www3.dido.ca\/fr\/wp-json\/wp\/v2\/types\/page"}],"author":[{"embeddable":true,"href":"http:\/\/www3.dido.ca\/fr\/wp-json\/wp\/v2\/users\/1"}],"replies":[{"embeddable":true,"href":"http:\/\/www3.dido.ca\/fr\/wp-json\/wp\/v2\/comments?post=404"}],"version-history":[{"count":9,"href":"http:\/\/www3.dido.ca\/fr\/wp-json\/wp\/v2\/pages\/404\/revisions"}],"predecessor-version":[{"id":451,"href":"http:\/\/www3.dido.ca\/fr\/wp-json\/wp\/v2\/pages\/404\/revisions\/451"}],"wp:attachment":[{"href":"http:\/\/www3.dido.ca\/fr\/wp-json\/wp\/v2\/media?parent=404"}],"curies":[{"name":"wp","href":"https:\/\/api.w.org\/{rel}","templated":true}]}}