{"id":416,"date":"2021-02-05T06:18:22","date_gmt":"2021-02-05T11:18:22","guid":{"rendered":"https:\/\/www3.dido.ca\/faq\/"},"modified":"2024-01-10T16:51:54","modified_gmt":"2024-01-10T21:51:54","slug":"faq","status":"publish","type":"page","link":"http:\/\/www3.dido.ca\/fr\/faq\/","title":{"rendered":"FAQ"},"content":{"rendered":"\n[et_pb_section fb_built=\u00a0\u00bb1&Prime; _builder_version=\u00a0\u00bb4.8.2&Prime; _module_preset=\u00a0\u00bbdefault\u00a0\u00bb][et_pb_row _builder_version=\u00a0\u00bb4.8.2&Prime; _module_preset=\u00a0\u00bbdefault\u00a0\u00bb][et_pb_column type=\u00a0\u00bb4_4&Prime; _builder_version=\u00a0\u00bb4.8.2&Prime; _module_preset=\u00a0\u00bbdefault\u00a0\u00bb][et_pb_text _builder_version=\u00a0\u00bb4.8.2&Prime; _module_preset=\u00a0\u00bbdefault\u00a0\u00bb]<h2>Courriel<\/h2>\n<h4>Acc\u00e9der \u00e0 votre courrier \u00e9lectronique \u00e0 l&rsquo;aide d&rsquo;un navigateur web<\/h4>\n<p>Vous pouvez acc\u00e9der \u00e0 votre courrier \u00e9lectronique \u00e0 partir de n&rsquo;importe quel ordinateur \u00e9quip\u00e9 d&rsquo;un navigateur web. Cliquez simplement sur l&rsquo;adresse suivante.<\/p>\n<p><a title=\"roundcube web mail\" href=\"http:\/\/cpanel.dido.ca\/webmail\/\">Roundcube Web Mail<\/a><\/p>\n<h2 style=\"background-color: #ffffff;\">Comment configurer les diff\u00e9rents programmes de courrier \u00e9lectronique<\/h2>\n<ul>\n<li><a href=\"..\/configuring-microsoft-outlook-newer-versions\/\">Configuration de Microsoft Outlook &#8211; 2013 et versions plus r\u00e9centes<\/a><\/li>\n<li><a href=\"..\/microsoft-outlook-setup\/\">Configuration de Microsoft Outlook &#8211; 2010 et versions ant\u00e9rieures<\/a><\/li>\n<li><a href=\"..\/microsoft-outlook-setup-2\/\">Configurer Microsoft Outlook pour TLS\/SSL &#8211; 2010 et versions ant\u00e9rieures<\/a><\/li>\n<li><a href=\"..\/mozilla-thunderbird-setup\/\">Configuration de Mozilla Thunderbird pour TLS\/SSL<\/a><\/li>\n<\/ul>\n<h4>Configuration des programmes de courrier \u00e9lectronique sur votre ordinateur<\/h4>\n<p>Si vous savez d\u00e9j\u00e0 comment configurer vos programmes\/clients de messagerie, <a href=\"..\/email-setup\/\" target=\"_blank\" rel=\"noopener\">utilisez les param\u00e8tres suivants<\/a><\/p>\n<h2><\/h2>\n<h2>Serveur FTP<\/h2>\n<ul>\n<li><a href=\"..\/878-2\/?et_fb=1\">Configurer Filezilla pour qu&rsquo;il se connecte au serveur FTP de Dido internet<\/a><\/li>\n<\/ul>\n<p>&nbsp;<\/p>\n<h2>Usage<\/h2>\n<p>Si votre connexion utilise un modem c\u00e2ble, vous pouvez v\u00e9rifier votre consommation ici.<\/p>\n<p><a title=\"V\u00e9rifier l'utilisation\" href=\"https:\/\/extranet.videotron.com\/services\/secur\/en\/tpia\/usage_modem\/input.jsp\">V\u00e9rifier l&rsquo;utilisation<\/a><\/p>\n<p>Pour ce faire, vous avez besoin de votre num\u00e9ro VLxxxxx, qui figure sur votre facture.<\/p>\n<h2>Vitesse de connexion<\/h2>\n<p><a title=\"Test de vitesse\" href=\"http:\/\/fibrenoire.speedtestcustom.com\/\">Testez la vitesse de votre connexion.<\/a><\/p>\n<h2>Panneau de contr\u00f4le<\/h2>\n<p><a title=\"Panneau de contr\u00f4le de l'h\u00e9bergement web\" href=\"https:\/\/cpanel.dido.ca:8080\/\">Panneau de contr\u00f4le de l&rsquo;h\u00e9bergement web<\/a><\/p>\n<h2>Panneau de contr\u00f4le du domaine<\/h2>\n<p>C&rsquo;est l\u00e0 que vous pouvez g\u00e9rer votre domaine, vos adresses \u00e9lectroniques, vos sites web, etc.<\/p>\n<p><a href=\"https:\/\/cpanel.dido.ca:8080\">https:\/\/cpanel.dido.ca:8080<\/a><\/p>\n<h2>Serveur FTP<\/h2>\n<p>Utilisez le serveur FTP pour t\u00e9l\u00e9charger vos fichiers. (Dido.ca n&rsquo;accepte que les connexions SSL).<\/p>\n<h3><strong>PHPMYADMIN<\/strong><\/h3>\n<p><a href=\"http:\/\/mysql2.dido.ca\/phpmyadmin\">http:\/\/mysql2.dido.ca\/phpmyadmin<\/a><\/p>\n<h2>POP3\/IMAP server<\/h2>\n<p>Configurez vos programmes de messagerie pour qu&rsquo;ils utilisent les ports POP3\/IMAP 993, 995 pour v\u00e9rifier les messages entrants sur mail2.dido.ca.<\/p>\n<h2>SMTP server<\/h2>\n<p>Configurez vos programmes de courrier \u00e9lectronique pour qu&rsquo;ils utilisent le serveur SMTP sur le port 587 pour envoyer des messages sortants sur mail2.dido.ca.<\/p>[\/et_pb_text][\/et_pb_column][\/et_pb_row][\/et_pb_section][et_pb_section fb_built=\u00a0\u00bb1&Prime; admin_label=\u00a0\u00bbFooter\u00a0\u00bb _builder_version=\u00a0\u00bb3.22&Prime; use_background_color_gradient=\u00a0\u00bbon\u00a0\u00bb background_color_gradient_start=\u00a0\u00bb#46b3ff\u00a0\u00bb background_color_gradient_end=\u00a0\u00bb#0752fe\u00a0\u00bb background_color_gradient_direction=\u00a0\u00bb237deg\u00a0\u00bb background_image=\u00a0\u00bbhttp:\/\/www3.dido.ca\/wp-content\/uploads\/2021\/02\/hosting-company-11.png\u00a0\u00bb background_size=\u00a0\u00bbcontain\u00a0\u00bb background_position=\u00a0\u00bbtop_center\u00a0\u00bb custom_padding=\u00a0\u00bb20vw||10vw||false|false\u00a0\u00bb animation_style=\u00a0\u00bbslide\u00a0\u00bb animation_direction=\u00a0\u00bbtop\u00a0\u00bb animation_intensity_slide=\u00a0\u00bb5%\u00a0\u00bb][et_pb_row _builder_version=\u00a0\u00bb3.25&Prime;][et_pb_column type=\u00a0\u00bb4_4&Prime; _builder_version=\u00a0\u00bb3.25&Prime; custom_padding=\u00a0\u00bb|||\u00a0\u00bb custom_padding__hover=\u00a0\u00bb|||\u00a0\u00bb][\/et_pb_column][\/et_pb_row][\/et_pb_section]\n","protected":false},"excerpt":{"rendered":"<p>Courriel Acc\u00e9der \u00e0 votre courrier \u00e9lectronique \u00e0 l&rsquo;aide d&rsquo;un navigateur web Vous pouvez acc\u00e9der \u00e0 votre courrier \u00e9lectronique \u00e0 partir de n&rsquo;importe quel ordinateur \u00e9quip\u00e9 d&rsquo;un navigateur web. Cliquez simplement sur l&rsquo;adresse suivante. Roundcube Web Mail Comment configurer les diff\u00e9rents programmes de courrier \u00e9lectronique Configuration de Microsoft Outlook &#8211; 2013 et versions plus r\u00e9centes Configuration [&hellip;]<\/p>\n","protected":false},"author":1,"featured_media":0,"parent":0,"menu_order":0,"comment_status":"closed","ping_status":"closed","template":"","meta":{"_et_pb_use_builder":"on","_et_pb_old_content":"","_et_gb_content_width":"","footnotes":""},"class_list":["post-416","page","type-page","status-publish","hentry"],"_links":{"self":[{"href":"http:\/\/www3.dido.ca\/fr\/wp-json\/wp\/v2\/pages\/416","targetHints":{"allow":["GET"]}}],"collection":[{"href":"http:\/\/www3.dido.ca\/fr\/wp-json\/wp\/v2\/pages"}],"about":[{"href":"http:\/\/www3.dido.ca\/fr\/wp-json\/wp\/v2\/types\/page"}],"author":[{"embeddable":true,"href":"http:\/\/www3.dido.ca\/fr\/wp-json\/wp\/v2\/users\/1"}],"replies":[{"embeddable":true,"href":"http:\/\/www3.dido.ca\/fr\/wp-json\/wp\/v2\/comments?post=416"}],"version-history":[{"count":3,"href":"http:\/\/www3.dido.ca\/fr\/wp-json\/wp\/v2\/pages\/416\/revisions"}],"predecessor-version":[{"id":419,"href":"http:\/\/www3.dido.ca\/fr\/wp-json\/wp\/v2\/pages\/416\/revisions\/419"}],"wp:attachment":[{"href":"http:\/\/www3.dido.ca\/fr\/wp-json\/wp\/v2\/media?parent=416"}],"curies":[{"name":"wp","href":"https:\/\/api.w.org\/{rel}","templated":true}]}}